{"id":502,"date":"2015-10-26T11:55:09","date_gmt":"2015-10-26T10:55:09","guid":{"rendered":"http:\/\/www.institutetmotmutor.se\/en\/swedish-law\/brottsbalken\/"},"modified":"2019-01-31T12:08:35","modified_gmt":"2019-01-31T11:08:35","slug":"brottsbalken","status":"publish","type":"page","link":"https:\/\/www.institutetmotmutor.se\/en\/brottsbalken\/","title":{"rendered":"Brottsbalken"},"content":{"rendered":"<p>[vc_row][vc_column][vc_row_inner][vc_column_inner width=&#8221;2\/3&#8243;][vc_column_text]<\/p>\n<h2><strong>Brottsbalken (SFS 1962:700)<\/strong><\/h2>\n<p>Best\u00e4mmelserna om mutbrott \u00e5terfinns i brottsbalken, 10 kap. 5a-5e \u00a7\u00a7 och inneb\u00e4r i huvudsak f\u00f6ljande:<\/p>\n<ol>\n<li>En anst\u00e4lld eller en uppdragstagare f\u00e5r inte ta emot, godta ett l\u00f6fte om eller beg\u00e4ra en otillb\u00f6rlig f\u00f6rm\u00e5n f\u00f6r ut\u00f6vningen av anst\u00e4llningen eller uppdraget (<em>tagande av muta<\/em>).<\/li>\n<li>Det \u00e4r inte till\u00e5tet att \u00e5t en anst\u00e4lld eller en uppdragstagare l\u00e4mna, utlova eller erbjuda en otillb\u00f6rlig f\u00f6rm\u00e5n f\u00f6r ut\u00f6vningen av anst\u00e4llningen eller uppdraget (<em>givande av muta<\/em>).<\/li>\n<li>Det \u00e4r inte till\u00e5tet att ta emot, godta ett l\u00f6fte om eller beg\u00e4ra en otillb\u00f6rlig f\u00f6rm\u00e5n f\u00f6r att p\u00e5verka n\u00e5gon som ut\u00f6var myndighet eller beslutar om offentlig upphandling eller att l\u00e4mna, utlova eller erbjuda en otillb\u00f6rlig f\u00f6rm\u00e5n till n\u00e5gon f\u00f6r att denne ska p\u00e5verka beslutsfattaren vid myndighetsut\u00f6vning eller offentlig upphandling (<em>handel med inflytande<\/em>).<\/li>\n<li>En n\u00e4ringsidkare m\u00e5ste vara f\u00f6rsiktig med att l\u00e4mna pengar eller andra tillg\u00e5ngar till sina ombud, agenter, samarbetspartners eller andra representanter s\u00e5 att medlen inte anv\u00e4nds till mutor (<em>v\u00e5rdsl\u00f6s finansiering av mutbrott<\/em>).<\/li>\n<\/ol>\n<p><a class=\"imm-link AvenirLT-Roman\" href=\"https:\/\/www.riksdagen.se\/sv\/dokument-lagar\/dokument\/svensk-forfattningssamling\/brottsbalk-1962700_sfs-1962-700\" target=\"_blank\" rel=\"noopener\">Klicka h\u00e4r f\u00f6r lagtext<\/a>[\/vc_column_text][vc_empty_space][\/vc_column_inner][vc_column_inner width=&#8221;1\/3&#8243;][vc_widget_sidebar sidebar_id=&#8221;det-svenska-regelverket&#8221; el_class=&#8221;sidebar&#8221;][vc_empty_space][\/vc_column_inner][\/vc_row_inner][\/vc_column][\/vc_row]<\/p>\n","protected":false},"excerpt":{"rendered":"[vc_row][vc_column][vc_row_inner][vc_column_inner width=&#8221;2\/3&#8243;][vc_column_text] Brottsbalken (SFS 1962:700) Best\u00e4mmelserna om mutbrott \u00e5terfinns i brottsbalken, 10 kap. 5a-5e \u00a7\u00a7 och inneb\u00e4r i huvudsak f\u00f6ljande: En anst\u00e4lld eller en uppdragstagare f\u00e5r inte ta emot, godta&#8230; <a class=\"view-article\" href=\"https:\/\/www.institutetmotmutor.se\/en\/brottsbalken\/\">View Article<\/a>","protected":false},"author":1,"featured_media":0,"parent":0,"menu_order":0,"comment_status":"closed","ping_status":"closed","template":"","meta":{"footnotes":""},"class_list":["post-502","page","type-page","status-publish","hentry"],"_links":{"self":[{"href":"https:\/\/www.institutetmotmutor.se\/en\/wp-json\/wp\/v2\/pages\/502\/"}],"collection":[{"href":"https:\/\/www.institutetmotmutor.se\/en\/wp-json\/wp\/v2\/pages\/"}],"about":[{"href":"https:\/\/www.institutetmotmutor.se\/en\/wp-json\/wp\/v2\/types\/page\/"}],"author":[{"embeddable":true,"href":"https:\/\/www.institutetmotmutor.se\/en\/wp-json\/wp\/v2\/users\/1\/"}],"replies":[{"embeddable":true,"href":"https:\/\/www.institutetmotmutor.se\/en\/wp-json\/wp\/v2\/comments\/?post=502"}],"version-history":[{"count":0,"href":"https:\/\/www.institutetmotmutor.se\/en\/wp-json\/wp\/v2\/pages\/502\/revisions\/"}],"wp:attachment":[{"href":"https:\/\/www.institutetmotmutor.se\/en\/wp-json\/wp\/v2\/media\/?parent=502"}],"curies":[{"name":"wp","href":"https:\/\/api.w.org\/{rel}","templated":true}]}}