{"id":504,"date":"2015-10-26T11:55:35","date_gmt":"2015-10-26T10:55:35","guid":{"rendered":"http:\/\/www.institutetmotmutor.se\/en\/swedish-law\/marknadsforingslagen\/"},"modified":"2019-01-31T12:14:21","modified_gmt":"2019-01-31T11:14:21","slug":"marknadsforingslagen","status":"publish","type":"page","link":"https:\/\/www.institutetmotmutor.se\/en\/marknadsforingslagen\/","title":{"rendered":"Marknadsf\u00f6ringslagen"},"content":{"rendered":"<p>[vc_row][vc_column width=&#8221;2\/3&#8243;][vc_column_text]<\/p>\n<h2 class=\"biggest\"><strong>Marknadsf\u00f6ringslag (2008:486)<\/strong><\/h2>\n<p>Marknadsf\u00f6ringslagen (MFL) inneh\u00e5ller f\u00f6rebyggande regler som anger ramarna f\u00f6r f\u00f6retagens handlande p\u00e5 marknaden och tar sikte p\u00e5 att skydda konsumenters och n\u00e4ringsidkares ekonomiska intressen. MFL har till syfte att fr\u00e4mja konsumenternas och n\u00e4ringslivets intressen i samband med marknadsf\u00f6ring av produkter och att motverka marknadsf\u00f6ring som \u00e4r otillb\u00f6rlig mot konsumenter och n\u00e4ringsidkare.<\/p>\n<p>MFL \u00e4r uppbyggd med en vitessanktionerad allm\u00e4n generalklausul som f\u00f6reskriver att marknadsf\u00f6ring ska st\u00e4mma \u00f6verens med god marknadsf\u00f6ringssed. Strider marknadsf\u00f6ring mot s\u00e5dan sed \u00e4r den att anse som otillb\u00f6rlig om den i m\u00e4rkbar m\u00e5n p\u00e5verkar eller sannolikt p\u00e5verkar mottagarens f\u00f6rm\u00e5ga att fatta ett v\u00e4lgrundat aff\u00e4rsbeslut. Generalklausulen kan anv\u00e4ndas mot korruptiv marknadsf\u00f6ring. Syftet med f\u00f6rbudet mot korruptiv marknadsf\u00f6ring kan s\u00e4gas vara att motverka marknadsf\u00f6rings\u00e5tg\u00e4rder som p\u00e5tagligt hindrar eller f\u00f6rsv\u00e5rar f\u00f6r konsumenter och andra kunder att g\u00f6ra ett rationellt val p\u00e5 marknaden och som f\u00f6rvanskar konkurrensen mellan n\u00e4ringsidkare.<\/p>\n<p>Relevanta best\u00e4mmelser: 5-6 \u00a7\u00a7, 23 \u00a7, 27 \u00a7 samt 47 \u00a7 MFL.<\/p>\n<p><a class=\"sans-serif imm-link\" href=\"https:\/\/www.riksdagen.se\/sv\/dokument-lagar\/dokument\/svensk-forfattningssamling\/marknadsforingslag-2008486_sfs-2008-486\" target=\"_blank\" rel=\"noopener\">Klicka h\u00e4r f\u00f6r lagtext<\/a>[\/vc_column_text][vc_empty_space][\/vc_column][vc_column width=&#8221;1\/3&#8243;][vc_widget_sidebar sidebar_id=&#8221;det-svenska-regelverket&#8221; el_class=&#8221;sidebar&#8221;][vc_empty_space][\/vc_column][\/vc_row]<\/p>\n","protected":false},"excerpt":{"rendered":"[vc_row][vc_column width=&#8221;2\/3&#8243;][vc_column_text] Marknadsf\u00f6ringslag (2008:486) Marknadsf\u00f6ringslagen (MFL) inneh\u00e5ller f\u00f6rebyggande regler som anger ramarna f\u00f6r f\u00f6retagens handlande p\u00e5 marknaden och tar sikte p\u00e5 att skydda konsumenters och n\u00e4ringsidkares ekonomiska intressen. MFL har&#8230; <a class=\"view-article\" href=\"https:\/\/www.institutetmotmutor.se\/en\/marknadsforingslagen\/\">View Article<\/a>","protected":false},"author":1,"featured_media":0,"parent":0,"menu_order":0,"comment_status":"closed","ping_status":"closed","template":"","meta":{"footnotes":""},"class_list":["post-504","page","type-page","status-publish","hentry"],"_links":{"self":[{"href":"https:\/\/www.institutetmotmutor.se\/en\/wp-json\/wp\/v2\/pages\/504\/"}],"collection":[{"href":"https:\/\/www.institutetmotmutor.se\/en\/wp-json\/wp\/v2\/pages\/"}],"about":[{"href":"https:\/\/www.institutetmotmutor.se\/en\/wp-json\/wp\/v2\/types\/page\/"}],"author":[{"embeddable":true,"href":"https:\/\/www.institutetmotmutor.se\/en\/wp-json\/wp\/v2\/users\/1\/"}],"replies":[{"embeddable":true,"href":"https:\/\/www.institutetmotmutor.se\/en\/wp-json\/wp\/v2\/comments\/?post=504"}],"version-history":[{"count":0,"href":"https:\/\/www.institutetmotmutor.se\/en\/wp-json\/wp\/v2\/pages\/504\/revisions\/"}],"wp:attachment":[{"href":"https:\/\/www.institutetmotmutor.se\/en\/wp-json\/wp\/v2\/media\/?parent=504"}],"curies":[{"name":"wp","href":"https:\/\/api.w.org\/{rel}","templated":true}]}}